{"id":9121,"date":"2026-05-07T09:06:57","date_gmt":"2026-05-07T12:06:57","guid":{"rendered":"https:\/\/greenhouse.cl\/web\/?page_id=9121"},"modified":"2026-05-07T13:05:14","modified_gmt":"2026-05-07T16:05:14","slug":"admision-pre-kinder-2027-cerrado","status":"publish","type":"page","link":"https:\/\/greenhouse.cl\/web\/index.php\/admision-pre-kinder-2027-cerrado\/","title":{"rendered":"Admisi\u00f3n Pre-Kinder 2027 Cerrado"},"content":{"rendered":"<p><div class=\"fusion-fullwidth fullwidth-box fusion-builder-row-1 fusion-flex-container has-pattern-background has-mask-background nonhundred-percent-fullwidth non-hundred-percent-height-scrolling\" style=\"--awb-border-radius-top-left:0px;--awb-border-radius-top-right:0px;--awb-border-radius-bottom-right:0px;--awb-border-radius-bottom-left:0px;--awb-flex-wrap:wrap;\" ><div class=\"fusion-builder-row fusion-row fusion-flex-align-items-flex-start fusion-flex-content-wrap\" style=\"max-width:1331.2px;margin-left: calc(-4% \/ 2 );margin-right: calc(-4% \/ 2 );\"><div class=\"fusion-layout-column fusion_builder_column fusion-builder-column-0 fusion_builder_column_1_1 1_1 fusion-flex-column\" style=\"--awb-bg-size:cover;--awb-width-large:100%;--awb-margin-top-large:10px;--awb-spacing-right-large:1.92%;--awb-margin-bottom-large:10px;--awb-spacing-left-large:1.92%;--awb-width-medium:100%;--awb-order-medium:0;--awb-spacing-right-medium:1.92%;--awb-spacing-left-medium:1.92%;--awb-width-small:100%;--awb-order-small:0;--awb-spacing-right-small:1.92%;--awb-spacing-left-small:1.92%;\"><div class=\"fusion-column-wrapper fusion-column-has-shadow fusion-flex-justify-content-flex-start fusion-content-layout-column\">\n\t\t\t\t<p class=\"rs-p-wp-fix\"><\/p>\n\t\t\t\t<sr7-module data-alias=\"silde-portada\" data-id=\"3\" id=\"SR7_3_1\" class=\"rs-ov-hidden\" data-version=\"6.7.54\">\n\t\t\t\t\t<sr7-adjuster><\/sr7-adjuster>\n\t\t\t\t\t<sr7-content>\n\t\t\t\t\t\t<sr7-slide id=\"SR7_3_1-210\" data-key=\"210\">\n\t\t\t\t\t\t\t<sr7-bg id=\"SR7_3_1-210-1\" class=\"sr7-layer\"><noscript><img class=\"lazyload\" decoding=\"async\" src=\"data:image\/svg+xml,%3Csvg%20xmlns%3D%27http%3A%2F%2Fwww.w3.org%2F2000%2Fsvg%27%20width%3D%271920%27%20height%3D%27680%27%20viewBox%3D%270%200%201920%20680%27%3E%3Crect%20width%3D%271920%27%20height%3D%27680%27%20fill-opacity%3D%220%22%2F%3E%3C%2Fsvg%3E\" data-orig-src=\"https:\/\/greenhouse.cl\/web\/wp-content\/uploads\/2026\/04\/4-3.png\" alt=\"\" title=\"4\"><\/noscript><\/sr7-bg>\n\t\t\t\t\t\t<\/sr7-slide>\n\t\t\t\t\t\t<sr7-slide id=\"SR7_3_1-211\" data-key=\"211\">\n\t\t\t\t\t\t\t<sr7-bg id=\"SR7_3_1-211-1\" class=\"sr7-layer\"><noscript><img class=\"lazyload\" decoding=\"async\" src=\"data:image\/svg+xml,%3Csvg%20xmlns%3D%27http%3A%2F%2Fwww.w3.org%2F2000%2Fsvg%27%20width%3D%271920%27%20height%3D%27680%27%20viewBox%3D%270%200%201920%20680%27%3E%3Crect%20width%3D%271920%27%20height%3D%27680%27%20fill-opacity%3D%220%22%2F%3E%3C%2Fsvg%3E\" data-orig-src=\"https:\/\/greenhouse.cl\/web\/wp-content\/uploads\/2026\/04\/3-3.png\" alt=\"\" title=\"3\"><\/noscript><\/sr7-bg>\n\t\t\t\t\t\t<\/sr7-slide>\n\t\t\t\t\t\t<sr7-slide id=\"SR7_3_1-212\" data-key=\"212\">\n\t\t\t\t\t\t\t<sr7-bg id=\"SR7_3_1-212-1\" class=\"sr7-layer\"><noscript><img class=\"lazyload\" decoding=\"async\" src=\"data:image\/svg+xml,%3Csvg%20xmlns%3D%27http%3A%2F%2Fwww.w3.org%2F2000%2Fsvg%27%20width%3D%271920%27%20height%3D%27680%27%20viewBox%3D%270%200%201920%20680%27%3E%3Crect%20width%3D%271920%27%20height%3D%27680%27%20fill-opacity%3D%220%22%2F%3E%3C%2Fsvg%3E\" data-orig-src=\"https:\/\/greenhouse.cl\/web\/wp-content\/uploads\/2026\/04\/2-3.png\" alt=\"\" title=\"2\"><\/noscript><\/sr7-bg>\n\t\t\t\t\t\t<\/sr7-slide>\n\t\t\t\t\t\t<sr7-slide id=\"SR7_3_1-6\" data-key=\"6\">\n\t\t\t\t\t\t<\/sr7-slide>\n\t\t\t\t\t<\/sr7-content>\n\t\t\t\t\t<image_lists style=\"display:none\">\n\t\t\t\t\t\t<img class=\"lazyload\" data-src=\"\/\/greenhouse.cl\/web\/wp-content\/uploads\/2026\/04\/4-3.png\" width=\"0\" height=\"0\" data-dbsrc=\"Ly9ncmVlbmhvdXNlLmNsL3dlYi93cC1jb250ZW50L3VwbG9hZHMvMjAyNi8wNC80LTMucG5n\"\/>\n\t\t\t\t\t\t<img class=\"lazyload\" data-src=\"\/\/greenhouse.cl\/web\/wp-content\/uploads\/2026\/04\/3-3.png\" width=\"0\" height=\"0\" data-dbsrc=\"Ly9ncmVlbmhvdXNlLmNsL3dlYi93cC1jb250ZW50L3VwbG9hZHMvMjAyNi8wNC8zLTMucG5n\"\/>\n\t\t\t\t\t\t<img class=\"lazyload\" data-src=\"\/\/greenhouse.cl\/web\/wp-content\/uploads\/2026\/04\/2-3.png\" width=\"0\" height=\"0\" data-dbsrc=\"Ly9ncmVlbmhvdXNlLmNsL3dlYi93cC1jb250ZW50L3VwbG9hZHMvMjAyNi8wNC8yLTMucG5n\"\/>\n\t\t\t\t\t<\/image_lists>\n\t\t\t\t<\/sr7-module>\n\t\t\t\t<script>\n\t\t\t\t\twindow.SR7 ??={};SR7.PMH ??={}; SR7.PMH[\"SR7_3_1\"] = {cn:100,state:false,fn: function() { if (window._tpt!==undefined && window._tpt.prepareModuleHeight !== undefined) {  _tpt.prepareModuleHeight({id:\"SR7_3_1\",el:[630,630,570,472,352],type:'standard',shdw:'0',gh:[630,630,570,472,352],gw:[1240,1240,1024,778,480],vpt:['-100px&#039;,&#039;-100px&#039;,&#039;-100px&#039;,&#039;-100px&#039;,&#039;-100px'],size:{fullWidth:true, fullHeight:false},mh:'0',onh:0,onw:0,bg:{color:'{\"orig\":\"transparent\",\"type\":\"solid\",\"string\":\"transparent\"}'},plType:'6',plColor:'#FFFFFF'});   SR7.PMH[\"SR7_3_1\"].state=true;} else if(SR7.PMH[\"SR7_3_1\"].cn-->0)\tsetTimeout( SR7.PMH[\"SR7_3_1\"].fn,19);}};SR7.PMH[\"SR7_3_1\" ].fn();\n\t\t\t\t<\/script>\n<\/div><\/div><\/div><\/div><div class=\"fusion-fullwidth fullwidth-box fusion-builder-row-2 fusion-flex-container has-pattern-background has-mask-background nonhundred-percent-fullwidth non-hundred-percent-height-scrolling\" style=\"--awb-border-radius-top-left:0px;--awb-border-radius-top-right:0px;--awb-border-radius-bottom-right:0px;--awb-border-radius-bottom-left:0px;--awb-flex-wrap:wrap;\" ><div class=\"fusion-builder-row fusion-row fusion-flex-align-items-flex-start fusion-flex-content-wrap\" style=\"max-width:1331.2px;margin-left: calc(-4% \/ 2 );margin-right: calc(-4% \/ 2 );\"><div class=\"fusion-layout-column fusion_builder_column fusion-builder-column-1 fusion_builder_column_1_1 1_1 fusion-flex-column\" style=\"--awb-overflow:hidden;--awb-bg-size:cover;--awb-border-color:#0b6b41;--awb-border-top:2px;--awb-border-right:2px;--awb-border-bottom:2px;--awb-border-left:2px;--awb-border-style:solid;--awb-border-radius:5px 5px 5px 5px;--awb-width-large:100%;--awb-margin-top-large:10px;--awb-spacing-right-large:1.92%;--awb-margin-bottom-large:10px;--awb-spacing-left-large:1.92%;--awb-width-medium:100%;--awb-order-medium:0;--awb-spacing-right-medium:1.92%;--awb-spacing-left-medium:1.92%;--awb-width-small:100%;--awb-order-small:0;--awb-spacing-right-small:1.92%;--awb-spacing-left-small:1.92%;\" data-scroll-devices=\"small-visibility,medium-visibility,large-visibility\"><div class=\"fusion-column-wrapper fusion-column-has-shadow fusion-flex-justify-content-flex-start fusion-content-layout-column\"><div class=\"fusion-title title fusion-title-1 fusion-title-center fusion-title-text fusion-title-size-two fusion-animated\" style=\"--awb-text-color:var(--awb-color7);--awb-margin-right:3%;--awb-margin-left:3%;--awb-margin-top-small:10px;--awb-margin-right-small:0px;--awb-margin-bottom-small:20px;--awb-margin-left-small:0px;--awb-sep-color:#03995d;\" data-animationType=\"fadeIn\" data-animationDuration=\"0.5\" data-animationDelay=\"0.2\" data-animationOffset=\"top-into-view\"><div class=\"title-sep-container title-sep-container-left\"><div class=\"title-sep sep-single sep-solid\" style=\"border-color:#03995d;\"><\/div><\/div><span class=\"awb-title-spacer\"><\/span><h2 class=\"fusion-title-heading title-heading-center fusion-responsive-typography-calculated\" style=\"margin:0;text-transform:capitalize;--fontSize:34;line-height:var(--awb-typography1-line-height);\"><h2 id=\"h1Titulo\" style=\"text-align: center;\"><span style=\"color: #333c4e;\">Proceso de postulaci\u00f3n <\/span><span style=\"color: #333c4e;\">Pre-Kinder 2027\u00a0<\/span><strong><span style=\"color: #333c4e;\">Cerrado<\/span><\/strong><\/h2><\/h2><span class=\"awb-title-spacer\"><\/span><div class=\"title-sep-container title-sep-container-right\"><div class=\"title-sep sep-single sep-solid\" style=\"border-color:#03995d;\"><\/div><\/div><\/div><\/div><\/div><\/div><\/div><div class=\"fusion-fullwidth fullwidth-box fusion-builder-row-3 fusion-flex-container has-pattern-background has-mask-background fusion-parallax-none nonhundred-percent-fullwidth non-hundred-percent-height-scrolling lazyload\" style=\"--awb-border-radius-top-left:0px;--awb-border-radius-top-right:0px;--awb-border-radius-bottom-right:0px;--awb-border-radius-bottom-left:0px;--awb-background-size:cover;--awb-flex-wrap:wrap;\" data-bg=\"https:\/\/greenhouse.cl\/web\/wp-content\/uploads\/2026\/04\/DSC_1243-scaled.jpg\" ><div class=\"fusion-builder-row fusion-row fusion-flex-align-items-center fusion-flex-align-content-center fusion-flex-content-wrap\" style=\"max-width:1331.2px;margin-left: calc(-4% \/ 2 );margin-right: calc(-4% \/ 2 );\"><div class=\"fusion-layout-column fusion_builder_column fusion-builder-column-2 fusion_builder_column_1_6 1_6 fusion-flex-column\" style=\"--awb-bg-size:cover;--awb-width-large:16.666666666667%;--awb-margin-top-large:10px;--awb-spacing-right-large:11.52%;--awb-margin-bottom-large:10px;--awb-spacing-left-large:11.52%;--awb-width-medium:100%;--awb-order-medium:0;--awb-spacing-right-medium:1.92%;--awb-spacing-left-medium:1.92%;--awb-width-small:100%;--awb-order-small:0;--awb-spacing-right-small:1.92%;--awb-spacing-left-small:1.92%;\"><div class=\"fusion-column-wrapper fusion-column-has-shadow fusion-flex-justify-content-flex-start fusion-content-layout-column\"><\/div><\/div><div class=\"fusion-layout-column fusion_builder_column fusion-builder-column-3 fusion_builder_column_2_3 2_3 fusion-flex-column fusion-flex-align-self-center\" style=\"--awb-overflow:visible;--awb-bg-color:#ffffff;--awb-bg-color-hover:#ffffff;--awb-bg-size:cover;--awb-border-radius:5px 5px 5px 5px;--awb-width-large:66.666666666667%;--awb-margin-top-large:10px;--awb-spacing-right-large:2.88%;--awb-margin-bottom-large:10px;--awb-spacing-left-large:2.88%;--awb-width-medium:100%;--awb-order-medium:0;--awb-spacing-right-medium:1.92%;--awb-spacing-left-medium:1.92%;--awb-width-small:100%;--awb-order-small:0;--awb-spacing-right-small:1.92%;--awb-spacing-left-small:1.92%;\" data-scroll-devices=\"small-visibility,medium-visibility,large-visibility\"><div class=\"fusion-column-wrapper fusion-column-has-shadow fusion-flex-justify-content-flex-start fusion-content-layout-block\"><div class=\"fusion-separator fusion-full-width-sep\" style=\"align-self: center;margin-left: auto;margin-right: auto;width:100%;\"><div class=\"fusion-separator-border sep-single sep-solid\" style=\"--awb-height:20px;--awb-amount:20px;--awb-sep-color:#08774b;border-color:#08774b;border-top-width:3px;\"><\/div><\/div><div class=\"fusion-text fusion-text-1 fusion-animated fusion-text-no-margin\" style=\"--awb-margin-top:5%;--awb-margin-right:5%;--awb-margin-bottom:5%;--awb-margin-left:5%;\" data-animationType=\"fadeIn\" data-animationDuration=\"0.9\" data-animationOffset=\"top-into-view\"><div class=\"contenedor-admision\">\n<div class=\"contenido-admision\">\n<h3>NORMATIVA PROCESO DE ADMISI\u00d3N<\/h3>\n<h3>Nivel Pre-K\u00ednder \u2013 A\u00f1o Escolar 2027<\/h3>\n<h3>1. De las vacantes y principios del proceso:<\/h3>\n<p>El proceso de admisi\u00f3n del nivel Pre-K\u00ednder para el a\u00f1o escolar 2027 se regir\u00e1 por los principios de objetividad, transparencia, no discriminaci\u00f3n arbitraria e igualdad de oportunidades, conforme a la normativa vigente.<\/p>\n<p>El establecimiento dispone de un total de 66 vacantes, distribuidas de la siguiente manera:<\/p>\n<ul>\n<li>63 vacantes para el proceso de admisi\u00f3n regular.<\/li>\n<li>1 vacante destinada a postulantes con necesidades educativas especiales permanentes (NEEP), en el marco de la admisi\u00f3n especial.<\/li>\n<li>2 vacantes de car\u00e1cter excepcional, cuya asignaci\u00f3n corresponder\u00e1 al Directorio Ejecutivo del establecimiento, debidamente fundada.<\/li>\n<\/ul>\n<p>En caso de que las postulaciones a admisi\u00f3n especial excedan la vacante disponible, se aplicar\u00e1n criterios de priorizaci\u00f3n previamente definidos, objetivos y p\u00fablicos. Dichos criterios son:<\/p>\n<ul>\n<li>Hermanos de estudiantes regulares del establecimiento.<\/li>\n<li>Hijos(as) de funcionarios del establecimiento.<\/li>\n<\/ul>\n<p>En caso de no proveerse las vacantes de admisi\u00f3n especial o de car\u00e1cter excepcional, estas se incorporar\u00e1n al proceso de admisi\u00f3n regular.<\/p>\n<h3>2. Etapas del proceso de admisi\u00f3n:<\/h3>\n<p>El proceso de admisi\u00f3n contempla las siguientes etapas, las cuales tienen car\u00e1cter obligatorio y secuencial, debiendo cumplirse \u00edntegramente para la validez de la postulaci\u00f3n:<\/p>\n<p><strong>a)<\/strong> Inscripci\u00f3n del postulante, mediante formulario disponible en el sitio web institucional.<\/p>\n<p><strong>b)<\/strong> Pago de arancel costo de postulaci\u00f3n a trav\u00e9s de <a href=\"#\">Webpay<\/a> en la p\u00e1gina web del colegio.<\/p>\n<p><strong>c)<\/strong> Participaci\u00f3n en instancia informativa grupal, dirigida a padres y\/o apoderados.<\/p>\n<p><strong>d)<\/strong> Entrevista individual informativa.<\/p>\n<p><strong>e)<\/strong> Proceso de evaluaci\u00f3n del postulante.<\/p>\n<p><strong>f)<\/strong> Entrega de documentaci\u00f3n correspondiente al \u00faltimo informe del Jard\u00edn Infantil.<\/p>\n<h3>3. Requisitos de postulaci\u00f3n y admisi\u00f3n:<\/h3>\n<h4>3.1 Requisitos generales:<\/h4>\n<ul>\n<li>Haber tomado conocimiento y aceptado la presente normativa.<\/li>\n<li>Cumplir con la edad m\u00ednima de 4 a\u00f1os al 31 de marzo del a\u00f1o de ingreso.<\/li>\n<li>Participar en el proceso de evaluaci\u00f3n establecido.<\/li>\n<li>Presentar la documentaci\u00f3n requerida dentro de los plazos definidos.<\/li>\n<li>Obtener un resultado igual o superior al 60% de logro.<\/li>\n<\/ul>\n<h3>4. Admisi\u00f3n especial para postulantes con necesidades educativas especiales permanentes:<\/h3>\n<p>El establecimiento flexibilizar\u00e1 las condiciones de acceso al instrumento de evaluaci\u00f3n mediante adaptaci\u00f3n del protocolo de aplicaci\u00f3n y correcci\u00f3n.<\/p>\n<h4>4.1. Requisitos generales:<\/h4>\n<ul>\n<li>Certificaci\u00f3n de diagn\u00f3stico vigente.<\/li>\n<li>Informe del establecimiento de origen.<\/li>\n<li>Informes actualizados de especialistas tratantes.<\/li>\n<li>Firma de carta de compromiso.<\/li>\n<\/ul>\n<h3>5. Del proceso de evaluaci\u00f3n:<\/h3>\n<p>El proceso de evaluaci\u00f3n tendr\u00e1 un car\u00e1cter t\u00e9cnico, objetivo y no discriminatorio.<\/p>\n<h4>a) Evaluaci\u00f3n individual<\/h4>\n<ul>\n<li>Habilidades comunicativas<\/li>\n<li>Razonamiento l\u00f3gico<\/li>\n<li>Desarrollo de motricidad fina<\/li>\n<\/ul>\n<h4>b) Evaluaci\u00f3n grupal<\/h4>\n<ul>\n<li>Apego<\/li>\n<li>Comunicaci\u00f3n<\/li>\n<li>Interacci\u00f3n social<\/li>\n<li>Seguimiento de instrucciones<\/li>\n<li>Autonom\u00eda<\/li>\n<\/ul>\n<h3>5.1 Selecci\u00f3n y asignaci\u00f3n de vacantes:<\/h3>\n<ul>\n<li>El puntaje m\u00ednimo de admisi\u00f3n ser\u00e1 de 60% de logro.<\/li>\n<li>Se asignar\u00e1 un 20% adicional a postulantes prioritarios.<\/li>\n<\/ul>\n<h3>5.2 Lista de espera:<\/h3>\n<p>La lista de espera se ordenar\u00e1 por puntaje obtenido y las vacantes ser\u00e1n asignadas conforme a dicho orden.<\/p>\n<h3>5.3. Postulantes no admitidos:<\/h3>\n<p>Son aquellos postulantes que no lograron el puntaje m\u00ednimo requerido.<\/p>\n<h3>6. De la comunicaci\u00f3n de resultados y garant\u00edas del proceso:<\/h3>\n<ul>\n<li>Notificaci\u00f3n individual por correo electr\u00f3nico.<\/li>\n<li>Publicaci\u00f3n en el establecimiento.<\/li>\n<\/ul>\n<h3>7. Calendario del proceso:<\/h3>\n<p><strong>15 de abril:<\/strong> Inicio de Inscripciones.<\/p>\n<p><strong>06 de mayo:<\/strong> \u00daltimo d\u00eda de inscripci\u00f3n.<\/p>\n<p><strong>07 de mayo:<\/strong> Reuni\u00f3n Grupal Apoderados postulantes con Directivos, 08:45 hrs.<\/p>\n<h3>8. Del arancel de postulaci\u00f3n:<\/h3>\n<p>El proceso contempla un arancel de $70.000, pagadero mediante <a href=\"#\">Webpay (clic aqu\u00ed)<\/a>.<\/p>\n<ul>\n<li><strong>Motivo:<\/strong> Postulaci\u00f3n Pre-K\u00ednder 2027.<\/li>\n<li><strong>Observaciones:<\/strong> Nombre completo del alumno y RUT.<\/li>\n<\/ul>\n<h3>9. Disposiciones finales:<\/h3>\n<p>Toda situaci\u00f3n no prevista en la presente normativa ser\u00e1 resuelta por la Direcci\u00f3n del establecimiento.<\/p>\n<\/div>\n<\/div>\n<style>\n<p>.contenedor-admision{<br \/>    width: 100%;<br \/>    min-height: 100vh;<br \/>    background-image: url('https:\/\/images.unsplash.com\/photo-1509062522246-3755977927d7?q=80&w=1600');<br \/>    background-size: cover;<br \/>    background-position: center;<br \/>    background-attachment: fixed;<br \/>    display: flex;<br \/>    justify-content: center;<br \/>    align-items: center;<br \/>    padding: 5%;<br \/>    box-sizing: border-box;<br \/>}<\/p>\n<p>.contenido-admision{<br \/>    width: 65%;<br \/>    background: rgba(255,255,255,0.96);<br \/>    border-radius: 30px;<br \/>    padding: 50px;<br \/>    box-sizing: border-box;<br \/>    box-shadow: 0 10px 30px rgba(0,0,0,0.20);<br \/>    font-family: Arial, Helvetica, sans-serif;<br \/>    line-height: 1.8;<br \/>    color: #333333;<br \/>}<\/p>\n<p>.contenido-admision h1{<br \/>    text-align: center;<br \/>    color: #0b4f8a;<br \/>    font-size: 38px;<br \/>    margin-bottom: 10px;<br \/>}<\/p>\n<p>.contenido-admision h2{<br \/>    text-align: center;<br \/>    color: #155fa0;<br \/>    margin-bottom: 40px;<br \/>}<\/p>\n<p>.contenido-admision h3{<br \/>    color: #0b4f8a;<br \/>    margin-top: 35px;<br \/>    margin-bottom: 15px;<br \/>    border-bottom: 2px solid #d9d9d9;<br \/>    padding-bottom: 8px;<br \/>}<\/p>\n<p>.contenido-admision h4{<br \/>    color: #155fa0;<br \/>    margin-top: 25px;<br \/>}<\/p>\n<p>.contenido-admision p{<br \/>    margin-bottom: 18px;<br \/>    text-align: justify;<br \/>}<\/p>\n<p>.contenido-admision ul{<br \/>    margin-bottom: 25px;<br \/>    padding-left: 25px;<br \/>}<\/p>\n<p>.contenido-admision li{<br \/>    margin-bottom: 10px;<br \/>}<\/p>\n<p>.contenido-admision a{<br \/>    color: #007530;<br \/>    text-decoration: none;<br \/>    font-weight: bold;<br \/>}<\/p>\n<p>.contenido-admision a:hover{<br \/>    text-decoration: underline;<br \/>}<\/p>\n<p>@media screen and (max-width: 1024px){<\/p>\n<p>    .contenido-admision{<br \/>        width: 85%;<br \/>        padding: 35px;<br \/>    }<\/p>\n<p>}<\/p>\n<p>@media screen and (max-width: 768px){<\/p>\n<p>    .contenido-admision{<br \/>        width: 100%;<br \/>        padding: 25px;<br \/>        border-radius: 20px;<br \/>    }<\/p>\n<p>    .contenido-admision h1{<br \/>        font-size: 28px;<br \/>    }<\/p>\n<p>}<\/p>\n<\/style>\n<\/div><div class=\"fusion-separator fusion-full-width-sep\" style=\"align-self: center;margin-left: auto;margin-right: auto;width:100%;\"><div class=\"fusion-separator-border sep-single sep-solid\" style=\"--awb-height:20px;--awb-amount:20px;--awb-sep-color:#08774b;border-color:#08774b;border-top-width:3px;\"><\/div><\/div><\/div><\/div><div class=\"fusion-layout-column fusion_builder_column fusion-builder-column-4 fusion_builder_column_1_6 1_6 fusion-flex-column\" style=\"--awb-bg-size:cover;--awb-width-large:16.666666666667%;--awb-margin-top-large:10px;--awb-spacing-right-large:11.52%;--awb-margin-bottom-large:10px;--awb-spacing-left-large:11.52%;--awb-width-medium:100%;--awb-order-medium:0;--awb-spacing-right-medium:1.92%;--awb-spacing-left-medium:1.92%;--awb-width-small:100%;--awb-order-small:0;--awb-spacing-right-small:1.92%;--awb-spacing-left-small:1.92%;\"><div class=\"fusion-column-wrapper fusion-column-has-shadow fusion-flex-justify-content-flex-start fusion-content-layout-column\"><\/div><\/div><\/div><\/div><div class=\"fusion-fullwidth fullwidth-box fusion-builder-row-4 fusion-flex-container has-pattern-background has-mask-background nonhundred-percent-fullwidth non-hundred-percent-height-scrolling\" style=\"--awb-border-radius-top-left:0px;--awb-border-radius-top-right:0px;--awb-border-radius-bottom-right:0px;--awb-border-radius-bottom-left:0px;--awb-flex-wrap:wrap;\" ><div class=\"fusion-builder-row fusion-row fusion-flex-align-items-flex-start fusion-flex-content-wrap\" style=\"max-width:1331.2px;margin-left: calc(-4% \/ 2 );margin-right: calc(-4% \/ 2 );\"><div class=\"fusion-layout-column fusion_builder_column fusion-builder-column-5 fusion_builder_column_1_1 1_1 fusion-flex-column\" style=\"--awb-overflow:hidden;--awb-bg-size:cover;--awb-border-color:#0b6b41;--awb-border-top:2px;--awb-border-right:2px;--awb-border-bottom:2px;--awb-border-left:2px;--awb-border-style:solid;--awb-border-radius:5px 5px 5px 5px;--awb-width-large:100%;--awb-margin-top-large:10px;--awb-spacing-right-large:1.92%;--awb-margin-bottom-large:10px;--awb-spacing-left-large:1.92%;--awb-width-medium:100%;--awb-order-medium:0;--awb-spacing-right-medium:1.92%;--awb-spacing-left-medium:1.92%;--awb-width-small:100%;--awb-order-small:0;--awb-spacing-right-small:1.92%;--awb-spacing-left-small:1.92%;\" data-scroll-devices=\"small-visibility,medium-visibility,large-visibility\"><div class=\"fusion-column-wrapper fusion-column-has-shadow fusion-flex-justify-content-flex-start fusion-content-layout-column\"><div class=\"fusion-title title fusion-title-2 fusion-title-center fusion-title-text fusion-title-size-two fusion-animated\" style=\"--awb-text-color:var(--awb-color7);--awb-margin-right:3%;--awb-margin-left:3%;--awb-margin-top-small:10px;--awb-margin-right-small:0px;--awb-margin-bottom-small:20px;--awb-margin-left-small:0px;--awb-sep-color:#03995d;\" data-animationType=\"fadeIn\" data-animationDuration=\"0.5\" data-animationDelay=\"0.2\" data-animationOffset=\"top-into-view\"><div class=\"title-sep-container title-sep-container-left\"><div class=\"title-sep sep-single sep-solid\" style=\"border-color:#03995d;\"><\/div><\/div><span class=\"awb-title-spacer\"><\/span><h2 class=\"fusion-title-heading title-heading-center fusion-responsive-typography-calculated\" style=\"margin:0;text-transform:capitalize;--fontSize:34;line-height:var(--awb-typography1-line-height);\"><h2 id=\"h1Titulo\" style=\"text-align: center;\"><span style=\"color: #333c4e;\">Proceso de postulaci\u00f3n <\/span><span style=\"color: #333c4e;\">Pre-Kinder 2027\u00a0<\/span><strong><span style=\"color: #333c4e;\">Cerrado<\/span><\/strong><\/h2><\/h2><span class=\"awb-title-spacer\"><\/span><div class=\"title-sep-container title-sep-container-right\"><div class=\"title-sep sep-single sep-solid\" style=\"border-color:#03995d;\"><\/div><\/div><\/div><\/div><\/div><\/div><\/div><\/p>\n","protected":false},"excerpt":{"rendered":"","protected":false},"author":1,"featured_media":0,"parent":0,"menu_order":0,"comment_status":"closed","ping_status":"closed","template":"100-width.php","meta":{"footnotes":""},"class_list":["post-9121","page","type-page","status-publish","hentry"],"_links":{"self":[{"href":"https:\/\/greenhouse.cl\/web\/index.php\/wp-json\/wp\/v2\/pages\/9121","targetHints":{"allow":["GET"]}}],"collection":[{"href":"https:\/\/greenhouse.cl\/web\/index.php\/wp-json\/wp\/v2\/pages"}],"about":[{"href":"https:\/\/greenhouse.cl\/web\/index.php\/wp-json\/wp\/v2\/types\/page"}],"author":[{"embeddable":true,"href":"https:\/\/greenhouse.cl\/web\/index.php\/wp-json\/wp\/v2\/users\/1"}],"replies":[{"embeddable":true,"href":"https:\/\/greenhouse.cl\/web\/index.php\/wp-json\/wp\/v2\/comments?post=9121"}],"version-history":[{"count":63,"href":"https:\/\/greenhouse.cl\/web\/index.php\/wp-json\/wp\/v2\/pages\/9121\/revisions"}],"predecessor-version":[{"id":9184,"href":"https:\/\/greenhouse.cl\/web\/index.php\/wp-json\/wp\/v2\/pages\/9121\/revisions\/9184"}],"wp:attachment":[{"href":"https:\/\/greenhouse.cl\/web\/index.php\/wp-json\/wp\/v2\/media?parent=9121"}],"curies":[{"name":"wp","href":"https:\/\/api.w.org\/{rel}","templated":true}]}}