{"id":4740,"date":"2024-12-09T16:35:16","date_gmt":"2024-12-09T19:35:16","guid":{"rendered":"https:\/\/greenhouse.cl\/web\/?page_id=4740"},"modified":"2024-12-09T17:06:38","modified_gmt":"2024-12-09T20:06:38","slug":"biblioteca_online","status":"publish","type":"page","link":"https:\/\/greenhouse.cl\/web\/index.php\/biblioteca_online\/","title":{"rendered":"Biblioteca Online"},"content":{"rendered":"<p><div class=\"fusion-fullwidth fullwidth-box fusion-builder-row-1 fusion-flex-container has-pattern-background has-mask-background nonhundred-percent-fullwidth non-hundred-percent-height-scrolling\" style=\"--awb-border-radius-top-left:0px;--awb-border-radius-top-right:0px;--awb-border-radius-bottom-right:0px;--awb-border-radius-bottom-left:0px;--awb-background-size:;--awb-flex-wrap:wrap;\" ><div class=\"awb-background-slider\" data-type=\"container\" data-loop=\"yes\" data-animation=\"fade\" data-slideshow-speed=\"5000\" data-animation-speed=\"800\" data-direction=\"up\" style=\"--awb-image-position:50% 50%;\"><div class=\"swiper-wrapper\"><div class=\"swiper-slide\"><img decoding=\"async\" width=\"1800\" height=\"200\" src=\"https:\/\/greenhouse.cl\/web\/wp-content\/uploads\/2024\/10\/bg-green.jpg\" class=\"awb-background-slider__image lazyload\" alt=\"\" srcset=\"data:image\/svg+xml,%3Csvg%20xmlns%3D%27http%3A%2F%2Fwww.w3.org%2F2000%2Fsvg%27%20width%3D%271800%27%20height%3D%27200%27%20viewBox%3D%270%200%201800%20200%27%3E%3Crect%20width%3D%271800%27%20height%3D%27200%27%20fill-opacity%3D%220%22%2F%3E%3C%2Fsvg%3E\" data-orig-src=\"https:\/\/greenhouse.cl\/web\/wp-content\/uploads\/2024\/10\/bg-green.jpg\" data-srcset=\"https:\/\/greenhouse.cl\/web\/wp-content\/uploads\/2024\/10\/bg-green-200x22.jpg 200w, https:\/\/greenhouse.cl\/web\/wp-content\/uploads\/2024\/10\/bg-green-300x33.jpg 300w, https:\/\/greenhouse.cl\/web\/wp-content\/uploads\/2024\/10\/bg-green-400x44.jpg 400w, https:\/\/greenhouse.cl\/web\/wp-content\/uploads\/2024\/10\/bg-green-600x67.jpg 600w, https:\/\/greenhouse.cl\/web\/wp-content\/uploads\/2024\/10\/bg-green-768x85.jpg 768w, https:\/\/greenhouse.cl\/web\/wp-content\/uploads\/2024\/10\/bg-green-800x89.jpg 800w, https:\/\/greenhouse.cl\/web\/wp-content\/uploads\/2024\/10\/bg-green-1024x114.jpg 1024w, https:\/\/greenhouse.cl\/web\/wp-content\/uploads\/2024\/10\/bg-green-1200x133.jpg 1200w, https:\/\/greenhouse.cl\/web\/wp-content\/uploads\/2024\/10\/bg-green-1536x171.jpg 1536w, https:\/\/greenhouse.cl\/web\/wp-content\/uploads\/2024\/10\/bg-green.jpg 1800w\" data-sizes=\"auto\" \/><\/div><\/div><\/div><div class=\"fusion-builder-row fusion-row fusion-flex-align-items-flex-start fusion-flex-content-wrap\" style=\"max-width:1331.2px;margin-left: calc(-4% \/ 2 );margin-right: calc(-4% \/ 2 );\"><div class=\"fusion-layout-column fusion_builder_column fusion-builder-column-0 fusion_builder_column_1_1 1_1 fusion-flex-column fusion-flex-align-self-flex-start\" style=\"--awb-bg-size:cover;--awb-width-large:100%;--awb-margin-top-large:0px;--awb-spacing-right-large:5px;--awb-margin-bottom-large:0px;--awb-spacing-left-large:5px;--awb-width-medium:100%;--awb-order-medium:0;--awb-spacing-right-medium:1.92%;--awb-spacing-left-medium:1.92%;--awb-width-small:100%;--awb-order-small:0;--awb-spacing-right-small:1.92%;--awb-spacing-left-small:1.92%;\" data-scroll-devices=\"small-visibility,medium-visibility,large-visibility\"><div class=\"fusion-column-wrapper fusion-column-has-shadow fusion-flex-justify-content-flex-start fusion-content-layout-column\"><div class=\"fusion-text fusion-text-1 fusion-animated\" style=\"--awb-content-alignment:center;--awb-text-color:#ffffff;\" data-animationType=\"fadeInLeft\" data-animationDuration=\"0.3\" data-animationOffset=\"top-into-view\"><h2 style=\"text-align: center;\"><span style=\"color: #ffffff;\">Procedimiento de compra material de apoyo Librer\u00eda\u00a0 Inglesa<\/span><\/h2>\n<div class=\"fusion-separator fusion-has-icon fusion-full-width-sep\" style=\"align-self: center;margin-left: auto;margin-right: auto;width:100%;\"><div class=\"fusion-separator-border sep-single sep-solid\" style=\"--awb-height:20px;--awb-amount:20px;--awb-sep-color:#ffffff;border-color:#ffffff;border-top-width:2px;\"><\/div><span class=\"icon-wrapper\" style=\"border-color:transparent;font-size:20px;width: 1.75em; height: 1.75em;border-width:2px;padding:2px;margin-top:-1px\"><i class=\"fa-envelope fas\" style=\"font-size: inherit;color:#ffffff;\" aria-hidden=\"true\"><\/i><\/span><div class=\"fusion-separator-border sep-single sep-solid\" style=\"--awb-height:20px;--awb-amount:20px;--awb-sep-color:#ffffff;border-color:#ffffff;border-top-width:2px;\"><\/div><\/div>\n<p style=\"text-align: center;\"><span style=\"color: #ffffff;\">\u00a0<\/span><\/p>\n<\/div><\/div><\/div><div class=\"fusion-layout-column fusion_builder_column fusion-builder-column-1 fusion_builder_column_2_3 2_3 fusion-flex-column\" style=\"--awb-bg-size:cover;--awb-width-large:66.666666666667%;--awb-margin-top-large:5px;--awb-spacing-right-large:2.88%;--awb-margin-bottom-large:5px;--awb-spacing-left-large:2.88%;--awb-width-medium:100%;--awb-order-medium:0;--awb-spacing-right-medium:1.92%;--awb-spacing-left-medium:1.92%;--awb-width-small:100%;--awb-order-small:0;--awb-spacing-right-small:1.92%;--awb-spacing-left-small:1.92%;\" data-scroll-devices=\"small-visibility,medium-visibility,large-visibility\"><div class=\"fusion-column-wrapper fusion-column-has-shadow fusion-flex-justify-content-flex-start fusion-content-layout-column\"><\/div><\/div><div class=\"fusion-layout-column fusion_builder_column fusion-builder-column-2 fusion_builder_column_1_3 1_3 fusion-flex-column\" style=\"--awb-bg-size:cover;--awb-width-large:33.333333333333%;--awb-margin-top-large:5px;--awb-spacing-right-large:5.76%;--awb-margin-bottom-large:5px;--awb-spacing-left-large:5.76%;--awb-width-medium:100%;--awb-order-medium:0;--awb-spacing-right-medium:1.92%;--awb-spacing-left-medium:1.92%;--awb-width-small:100%;--awb-order-small:0;--awb-spacing-right-small:1.92%;--awb-spacing-left-small:1.92%;\" data-scroll-devices=\"small-visibility,medium-visibility,large-visibility\"><div class=\"fusion-column-wrapper fusion-column-has-shadow fusion-flex-justify-content-flex-start fusion-content-layout-column\"><\/div><\/div><\/div><\/div><div class=\"fusion-fullwidth fullwidth-box fusion-builder-row-2 fusion-flex-container has-pattern-background has-mask-background nonhundred-percent-fullwidth non-hundred-percent-height-scrolling\" style=\"--awb-border-radius-top-left:0px;--awb-border-radius-top-right:0px;--awb-border-radius-bottom-right:0px;--awb-border-radius-bottom-left:0px;--awb-flex-wrap:wrap;\" ><div class=\"fusion-builder-row fusion-row fusion-flex-align-items-flex-start fusion-flex-content-wrap\" style=\"max-width:1331.2px;margin-left: calc(-4% \/ 2 );margin-right: calc(-4% \/ 2 );\"><div class=\"fusion-layout-column fusion_builder_column fusion-builder-column-3 fusion_builder_column_1_1 1_1 fusion-flex-column\" style=\"--awb-bg-size:cover;--awb-width-large:100%;--awb-margin-top-large:10px;--awb-spacing-right-large:1.92%;--awb-margin-bottom-large:10px;--awb-spacing-left-large:1.92%;--awb-width-medium:100%;--awb-order-medium:0;--awb-spacing-right-medium:1.92%;--awb-spacing-left-medium:1.92%;--awb-width-small:100%;--awb-order-small:0;--awb-spacing-right-small:1.92%;--awb-spacing-left-small:1.92%;\"><div class=\"fusion-column-wrapper fusion-column-has-shadow fusion-flex-justify-content-flex-start fusion-content-layout-column\"><div class=\"fusion-text fusion-text-2\"><p><strong>\u00a0<\/strong><\/p>\n<ul>\n<li style=\"list-style-type: none;\">\n<ul>\n<li>Ingresar a <a href=\"http:\/\/www.libreriainglesa.cl\/\">libreriainglesa.cl<\/a><\/li>\n<li>En la p\u00e1gina principal ingresa el nombre del colegio en el Buscador de Textos<\/li>\n<\/ul>\n<\/li>\n<\/ul>\n<p><img decoding=\"async\" class=\"lazyload size-medium wp-image-4746 aligncenter\" src=\"https:\/\/greenhouse.cl\/web\/wp-content\/uploads\/2024\/12\/1-2-300x186.png\" data-orig-src=\"https:\/\/greenhouse.cl\/web\/wp-content\/uploads\/2024\/12\/1-2-300x186.png\" alt=\"\" width=\"300\" height=\"186\" srcset=\"data:image\/svg+xml,%3Csvg%20xmlns%3D%27http%3A%2F%2Fwww.w3.org%2F2000%2Fsvg%27%20width%3D%27300%27%20height%3D%27186%27%20viewBox%3D%270%200%20300%20186%27%3E%3Crect%20width%3D%27300%27%20height%3D%27186%27%20fill-opacity%3D%220%22%2F%3E%3C%2Fsvg%3E\" data-srcset=\"https:\/\/greenhouse.cl\/web\/wp-content\/uploads\/2024\/12\/1-2-200x124.png 200w, https:\/\/greenhouse.cl\/web\/wp-content\/uploads\/2024\/12\/1-2-300x186.png 300w, https:\/\/greenhouse.cl\/web\/wp-content\/uploads\/2024\/12\/1-2.png 355w\" data-sizes=\"auto\" data-orig-sizes=\"(max-width: 300px) 100vw, 300px\" \/><\/p>\n<ul>\n<li>En la siguiente secci\u00f3n podr\u00e1 seleccionar el nivel del alumno y encontrar los textos asociados.<\/li>\n<\/ul>\n<p><img decoding=\"async\" class=\"lazyload size-medium wp-image-4747 aligncenter\" src=\"https:\/\/greenhouse.cl\/web\/wp-content\/uploads\/2024\/12\/2-2-300x181.png\" data-orig-src=\"https:\/\/greenhouse.cl\/web\/wp-content\/uploads\/2024\/12\/2-2-300x181.png\" alt=\"\" width=\"300\" height=\"181\" srcset=\"data:image\/svg+xml,%3Csvg%20xmlns%3D%27http%3A%2F%2Fwww.w3.org%2F2000%2Fsvg%27%20width%3D%27300%27%20height%3D%27181%27%20viewBox%3D%270%200%20300%20181%27%3E%3Crect%20width%3D%27300%27%20height%3D%27181%27%20fill-opacity%3D%220%22%2F%3E%3C%2Fsvg%3E\" data-srcset=\"https:\/\/greenhouse.cl\/web\/wp-content\/uploads\/2024\/12\/2-2-200x120.png 200w, https:\/\/greenhouse.cl\/web\/wp-content\/uploads\/2024\/12\/2-2-300x181.png 300w, https:\/\/greenhouse.cl\/web\/wp-content\/uploads\/2024\/12\/2-2.png 352w\" data-sizes=\"auto\" data-orig-sizes=\"(max-width: 300px) 100vw, 300px\" \/><\/p>\n<ul>\n<li>Seleccionando el curso podr\u00e1s comprar sin equivocaci\u00f3n los textos necesarios ya que solo ver\u00e1s los que solicit\u00f3 el colegio. <strong>Al seleccionar el libro correspondiente, <\/strong><strong>poner la cantidad de compra y subirlo al carro de compras, se ve reflejado el precio <\/strong><strong>con su correspondiente descuento para el colegio.<\/strong><\/li>\n<\/ul>\n<p><img decoding=\"async\" class=\"lazyload size-medium wp-image-4748 aligncenter\" src=\"https:\/\/greenhouse.cl\/web\/wp-content\/uploads\/2024\/12\/3-2-300x180.png\" data-orig-src=\"https:\/\/greenhouse.cl\/web\/wp-content\/uploads\/2024\/12\/3-2-300x180.png\" alt=\"\" width=\"300\" height=\"180\" srcset=\"data:image\/svg+xml,%3Csvg%20xmlns%3D%27http%3A%2F%2Fwww.w3.org%2F2000%2Fsvg%27%20width%3D%27300%27%20height%3D%27180%27%20viewBox%3D%270%200%20300%20180%27%3E%3Crect%20width%3D%27300%27%20height%3D%27180%27%20fill-opacity%3D%220%22%2F%3E%3C%2Fsvg%3E\" data-srcset=\"https:\/\/greenhouse.cl\/web\/wp-content\/uploads\/2024\/12\/3-2-200x120.png 200w, https:\/\/greenhouse.cl\/web\/wp-content\/uploads\/2024\/12\/3-2-300x180.png 300w, https:\/\/greenhouse.cl\/web\/wp-content\/uploads\/2024\/12\/3-2.png 365w\" data-sizes=\"auto\" data-orig-sizes=\"(max-width: 300px) 100vw, 300px\" \/><\/p>\n<ul>\n<li>Elija los productos, ingrese a la secci\u00f3n carro de compras y luego a caja.<\/li>\n<\/ul>\n<p><img decoding=\"async\" class=\"lazyload size-medium wp-image-4749 aligncenter\" src=\"https:\/\/greenhouse.cl\/web\/wp-content\/uploads\/2024\/12\/4-2-300x155.png\" data-orig-src=\"https:\/\/greenhouse.cl\/web\/wp-content\/uploads\/2024\/12\/4-2-300x155.png\" alt=\"\" width=\"300\" height=\"155\" srcset=\"data:image\/svg+xml,%3Csvg%20xmlns%3D%27http%3A%2F%2Fwww.w3.org%2F2000%2Fsvg%27%20width%3D%27300%27%20height%3D%27155%27%20viewBox%3D%270%200%20300%20155%27%3E%3Crect%20width%3D%27300%27%20height%3D%27155%27%20fill-opacity%3D%220%22%2F%3E%3C%2Fsvg%3E\" data-srcset=\"https:\/\/greenhouse.cl\/web\/wp-content\/uploads\/2024\/12\/4-2-200x104.png 200w, https:\/\/greenhouse.cl\/web\/wp-content\/uploads\/2024\/12\/4-2-300x155.png 300w, https:\/\/greenhouse.cl\/web\/wp-content\/uploads\/2024\/12\/4-2.png 392w\" data-sizes=\"auto\" data-orig-sizes=\"(max-width: 300px) 100vw, 300px\" \/><\/p>\n<ul>\n<li>Finalice el proceso de compra confirmando su direcci\u00f3n y pagando a trav\u00e9s de Webpay.<\/li>\n<\/ul>\n<p><strong>* El precio con el descuento al colegio se ver\u00e1 reflejado una vez el producto <\/strong><strong>est\u00e9 en el carrito de compras<\/strong><strong>\u00a0<\/strong><\/p>\n<p><strong>** Si el texto solicitado <u>NO<\/u> est\u00e1 en stock se mostrar\u00e1 en <u>barra gris<\/u>, y el <\/strong><strong>apoderado podr\u00e1 ingresar su correo electr\u00f3nico <\/strong><strong>para ser avisado el <\/strong><strong>momento en que el libro est\u00e9 disponible<\/strong><\/p>\n<\/div><div class=\"fusion-separator fusion-full-width-sep\" style=\"align-self: center;margin-left: auto;margin-right: auto;width:100%;\"><div class=\"fusion-separator-border sep-double sep-solid\" style=\"--awb-height:20px;--awb-amount:20px;border-color:var(--awb-color3);border-top-width:1px;border-bottom-width:1px;\"><\/div><\/div><div class=\"fusion-title title fusion-title-1 fusion-sep-none fusion-title-center fusion-title-text fusion-title-size-three\" style=\"--awb-margin-top-small:10px;--awb-margin-right-small:0px;--awb-margin-bottom-small:20px;--awb-margin-left-small:0px;\"><h3 class=\"fusion-title-heading title-heading-center fusion-responsive-typography-calculated\" style=\"margin:0;text-transform:capitalize;--fontSize:24;line-height:var(--awb-typography1-line-height);\">Compra Coordinada<\/h3><\/div><div class=\"fusion-text fusion-text-3\"><p style=\"text-align: justify;\">A modo de apoyo en el gasto de compra de textos escolares, <strong>Librer\u00eda Inglesa<\/strong> considera la posibilidad que en forma coordinada y centralizada se pueda ejecutar la compra del material del alumno <u>sin incurrir en gastos de env\u00edo.<\/u><\/p>\n<p style=\"text-align: justify;\">Para esto el procedimiento es el siguiente:<\/p>\n<ol style=\"text-align: justify;\">\n<li>El centro de padres o encargado de curso centralizar\u00e1 la compra de los apoderados que deseen sumarse, con un m\u00ednimo de 15 alumnos.<\/li>\n<li>Se deber\u00e1 completar la cantidad de cada texto solicitado, en el cuadro adjunto.<\/li>\n<li>El monto total de la compra deber\u00e1 ser depositado en la cuenta de Librer\u00eda Inglesa:<\/li>\n<\/ol>\n<p style=\"text-align: justify;\">Banco Santander<\/p>\n<p style=\"text-align: justify;\">Cuenta Corriente: 2676842<\/p>\n<p style=\"text-align: justify;\">Rut: 85.913.900-0<\/p>\n<p style=\"text-align: justify;\">Email: <a href=\"mailto:ccoudeu@libreriainglesa.cl\">mlpizarro@libreriainglesa.cl<\/a><\/p>\n<p style=\"text-align: justify;\">Sociedad importadora Kuatro Limitada<\/p>\n<ol style=\"text-align: justify;\" start=\"4\">\n<li>Una vez confirmado el deposito se deber\u00e1 enviar el comprobante de transferencia y el cuadro con el listado del detalle de los productos a: Maria Luisa Pizarro <a href=\"mailto:mlpizarro@libreriainglesa.cl\">mlpizarro@libreriainglesa.cl<\/a><\/li>\n<li>Los textos comprados ser\u00e1n enviados a nombre y direcci\u00f3n del apoderado encargado de la gesti\u00f3n, <u>sin costo de flete<\/u>. Indicar datos de env\u00edo en correo de confirmaci\u00f3n.<\/li>\n<\/ol>\n<p style=\"text-align: justify;\"><strong>COLEGIO GREENHOUSE<\/strong><\/p>\n<p style=\"text-align: justify;\">Detalle de material por curso y valor<\/p>\n<table width=\"832\">\n<tbody>\n<tr>\n<td width=\"123\"><strong>ISBN<\/strong><\/td>\n<td width=\"359\"><strong>TITULO<\/strong><\/td>\n<td width=\"113\"><strong>EDITORIAL<\/strong><\/td>\n<td width=\"66\"><strong>CURSO<\/strong><\/td>\n<td width=\"76\"><strong>PVP VTA<\/strong><\/td>\n<td width=\"96\"><strong>CANTIDAD<\/strong><\/td>\n<\/tr>\n<tr>\n<td width=\"123\"><strong>9781380022721<\/strong><\/td>\n<td width=\"359\">SHARE IT 1 BOOK (SB WITH SHAREBOOK &amp; NAVIO APP)<\/td>\n<td width=\"113\">MACMILLAN<\/td>\n<td width=\"66\">1\u00ba<\/td>\n<td width=\"76\">32.180<\/td>\n<td width=\"96\"><\/td>\n<\/tr>\n<tr>\n<td width=\"123\"><strong>9781380069399<\/strong><\/td>\n<td width=\"359\">SHARE IT 1 WORKBOOK AND DIGITAL WK<\/td>\n<td width=\"113\">MACMILLAN<\/td>\n<td width=\"66\"><\/td>\n<td width=\"76\">19.964<\/td>\n<td width=\"96\"><\/td>\n<\/tr>\n<tr>\n<td width=\"123\"><strong>9781380022813<\/strong><\/td>\n<td width=\"359\">SHARE IT 2 BOOK (SB WITH SHAREBOOK &amp; NAVIO APP)<\/td>\n<td width=\"113\">MACMILLAN<\/td>\n<td width=\"66\">2\u00ba<\/td>\n<td width=\"76\">32.180<\/td>\n<td width=\"96\"><\/td>\n<\/tr>\n<tr>\n<td width=\"123\"><strong>9781380069405<\/strong><\/td>\n<td width=\"359\">SHARE IT 2 WORKBOOK AND DIGITAL WK<\/td>\n<td width=\"113\">MACMILLAN<\/td>\n<td width=\"66\"><\/td>\n<td width=\"76\">19.964<\/td>\n<td width=\"96\"><\/td>\n<\/tr>\n<tr>\n<td width=\"123\"><strong>9781380022912<\/strong><\/td>\n<td width=\"359\">SHARE IT 3 BOOK (SB WITH SHAREBOOK &amp; NAVIO APP)<\/td>\n<td width=\"113\">MACMILLAN<\/td>\n<td width=\"66\">3\u00ba<\/td>\n<td width=\"76\">32.180<\/td>\n<td width=\"96\"><\/td>\n<\/tr>\n<tr>\n<td width=\"123\"><strong>9781380069412<\/strong><\/td>\n<td width=\"359\">SHARE IT 3 WORKBOOK AND DIGITAL WK<\/td>\n<td width=\"113\">MACMILLAN<\/td>\n<td width=\"66\"><\/td>\n<td width=\"76\">19.964<\/td>\n<td width=\"96\"><\/td>\n<\/tr>\n<tr>\n<td width=\"123\"><strong>9781380023018<\/strong><\/td>\n<td width=\"359\">SHARE IT 4 BOOK (SB WITH SHAREBOOK &amp; NAVIO APP)<\/td>\n<td width=\"113\">MACMILLAN<\/td>\n<td width=\"66\">4\u00ba<\/td>\n<td width=\"76\">32.180<\/td>\n<td width=\"96\"><\/td>\n<\/tr>\n<tr>\n<td width=\"123\"><strong>9781380069429<\/strong><\/td>\n<td width=\"359\">SHARE IT 4 WORKBOOK AND DIGITAL WK<\/td>\n<td width=\"113\">MACMILLAN<\/td>\n<td width=\"66\"><\/td>\n<td width=\"76\">19.964<\/td>\n<td width=\"96\"><\/td>\n<\/tr>\n<tr>\n<td width=\"123\"><strong>9781380023117<\/strong><\/td>\n<td width=\"359\">SHARE IT 5 BOOK (SB WITH SHAREBOOK &amp; NAVIO APP)<\/td>\n<td width=\"113\">MACMILLAN<\/td>\n<td width=\"66\">5\u00ba<\/td>\n<td width=\"76\">32.180<\/td>\n<td width=\"96\"><\/td>\n<\/tr>\n<tr>\n<td width=\"123\"><strong>9781380069436<\/strong><\/td>\n<td width=\"359\">SHARE IT 5 WORKBOOK AND DIGITAL WK<\/td>\n<td width=\"113\">MACMILLAN<\/td>\n<td width=\"66\"><\/td>\n<td width=\"76\">19.964<\/td>\n<td width=\"96\"><\/td>\n<\/tr>\n<tr>\n<td width=\"123\"><strong>9781380023216<\/strong><\/td>\n<td width=\"359\">SHARE IT 6 BOOK (SB WITH SHAREBOOK &amp; NAVIO APP)<\/td>\n<td width=\"113\">MACMILLAN<\/td>\n<td width=\"66\">6\u00ba<\/td>\n<td width=\"76\">32.180<\/td>\n<td width=\"96\"><\/td>\n<\/tr>\n<tr>\n<td width=\"123\"><strong>9781380069481<\/strong><\/td>\n<td width=\"359\">SHARE IT 6 WORKBOOK AND DIGITAL WK<\/td>\n<td width=\"113\">MACMILLAN<\/td>\n<td width=\"66\"><\/td>\n<td width=\"76\">19.964<\/td>\n<td width=\"96\"><\/td>\n<\/tr>\n<tr>\n<td width=\"123\"><\/td>\n<td width=\"359\"><\/td>\n<td width=\"113\"><\/td>\n<td width=\"66\"><\/td>\n<td width=\"76\"><\/td>\n<td width=\"96\"><\/td>\n<\/tr>\n<\/tbody>\n<\/table>\n<\/div><\/div><\/div><\/div><\/div><div class=\"fusion-fullwidth fullwidth-box fusion-builder-row-3 fusion-flex-container has-pattern-background has-mask-background nonhundred-percent-fullwidth non-hundred-percent-height-scrolling\" style=\"--awb-border-radius-top-left:0px;--awb-border-radius-top-right:0px;--awb-border-radius-bottom-right:0px;--awb-border-radius-bottom-left:0px;--awb-flex-wrap:wrap;\" ><div class=\"fusion-builder-row fusion-row fusion-flex-align-items-flex-start fusion-flex-content-wrap\" style=\"max-width:1331.2px;margin-left: calc(-4% \/ 2 );margin-right: calc(-4% \/ 2 );\"><div class=\"fusion-layout-column fusion_builder_column fusion-builder-column-4 fusion_builder_column_1_1 1_1 fusion-flex-column\" style=\"--awb-bg-size:cover;--awb-width-large:100%;--awb-margin-top-large:10px;--awb-spacing-right-large:1.92%;--awb-margin-bottom-large:10px;--awb-spacing-left-large:1.92%;--awb-width-medium:100%;--awb-order-medium:0;--awb-spacing-right-medium:1.92%;--awb-spacing-left-medium:1.92%;--awb-width-small:100%;--awb-order-small:0;--awb-spacing-right-small:1.92%;--awb-spacing-left-small:1.92%;\"><div class=\"fusion-column-wrapper fusion-column-has-shadow fusion-flex-justify-content-flex-start fusion-content-layout-column\"><\/div><\/div><\/div><\/div><div class=\"fusion-fullwidth fullwidth-box fusion-builder-row-4 fusion-flex-container has-pattern-background has-mask-background hundred-percent-fullwidth non-hundred-percent-height-scrolling\" style=\"--awb-border-radius-top-left:0px;--awb-border-radius-top-right:0px;--awb-border-radius-bottom-right:0px;--awb-border-radius-bottom-left:0px;--awb-flex-wrap:wrap;\" ><div class=\"awb-background-slider\" data-type=\"container\" data-loop=\"no\" data-animation=\"fade\" data-slideshow-speed=\"5000\" data-animation-speed=\"800\" data-direction=\"up\" style=\"--awb-image-position:50% 50%;\"><div class=\"swiper-wrapper\"><div class=\"swiper-slide\"><img decoding=\"async\" width=\"1641\" height=\"366\" src=\"https:\/\/greenhouse.cl\/web\/wp-content\/uploads\/2024\/10\/bg-titulos.jpg\" class=\"awb-background-slider__image\" alt=\"\" skip-lazyload=\"1\" srcset=\"https:\/\/greenhouse.cl\/web\/wp-content\/uploads\/2024\/10\/bg-titulos-200x45.jpg 200w, https:\/\/greenhouse.cl\/web\/wp-content\/uploads\/2024\/10\/bg-titulos-300x67.jpg 300w, https:\/\/greenhouse.cl\/web\/wp-content\/uploads\/2024\/10\/bg-titulos-400x89.jpg 400w, https:\/\/greenhouse.cl\/web\/wp-content\/uploads\/2024\/10\/bg-titulos-600x134.jpg 600w, https:\/\/greenhouse.cl\/web\/wp-content\/uploads\/2024\/10\/bg-titulos-768x171.jpg 768w, https:\/\/greenhouse.cl\/web\/wp-content\/uploads\/2024\/10\/bg-titulos-800x178.jpg 800w, https:\/\/greenhouse.cl\/web\/wp-content\/uploads\/2024\/10\/bg-titulos-1024x228.jpg 1024w, https:\/\/greenhouse.cl\/web\/wp-content\/uploads\/2024\/10\/bg-titulos-1200x268.jpg 1200w, https:\/\/greenhouse.cl\/web\/wp-content\/uploads\/2024\/10\/bg-titulos-1536x343.jpg 1536w, https:\/\/greenhouse.cl\/web\/wp-content\/uploads\/2024\/10\/bg-titulos.jpg 1641w\" sizes=\"(max-width: 1641px) 100vw, 1641px\" \/><\/div><\/div><\/div><div class=\"fusion-builder-row fusion-row fusion-flex-align-items-flex-start fusion-flex-content-wrap\" style=\"width:104% !important;max-width:104% !important;margin-left: calc(-4% \/ 2 );margin-right: calc(-4% \/ 2 );\"><div class=\"fusion-layout-column fusion_builder_column fusion-builder-column-5 fusion_builder_column_1_1 1_1 fusion-flex-column\" style=\"--awb-bg-size:cover;--awb-width-large:100%;--awb-margin-top-large:10px;--awb-spacing-right-large:1.92%;--awb-margin-bottom-large:10px;--awb-spacing-left-large:1.92%;--awb-width-medium:100%;--awb-order-medium:0;--awb-spacing-right-medium:1.92%;--awb-spacing-left-medium:1.92%;--awb-width-small:100%;--awb-order-small:0;--awb-spacing-right-small:1.92%;--awb-spacing-left-small:1.92%;\"><div class=\"fusion-column-wrapper fusion-column-has-shadow fusion-flex-justify-content-flex-start fusion-content-layout-column\"><div class=\"fusion-slider-sc\"><div class=\"fusion-flexslider-loading flexslider flexslider-hover-type-none\" data-slideshow_autoplay=\"1\" data-slideshow_smooth_height=\"0\" data-slideshow_speed=\"7000\" style=\"max-width:100%;height:100%;\"><ul class=\"slides\"><\/ul><\/div><\/div><\/div><\/div><\/div><\/div><\/p>\n","protected":false},"excerpt":{"rendered":"","protected":false},"author":1,"featured_media":0,"parent":0,"menu_order":0,"comment_status":"closed","ping_status":"closed","template":"100-width.php","meta":{"footnotes":""},"class_list":["post-4740","page","type-page","status-publish","hentry"],"_links":{"self":[{"href":"https:\/\/greenhouse.cl\/web\/index.php\/wp-json\/wp\/v2\/pages\/4740","targetHints":{"allow":["GET"]}}],"collection":[{"href":"https:\/\/greenhouse.cl\/web\/index.php\/wp-json\/wp\/v2\/pages"}],"about":[{"href":"https:\/\/greenhouse.cl\/web\/index.php\/wp-json\/wp\/v2\/types\/page"}],"author":[{"embeddable":true,"href":"https:\/\/greenhouse.cl\/web\/index.php\/wp-json\/wp\/v2\/users\/1"}],"replies":[{"embeddable":true,"href":"https:\/\/greenhouse.cl\/web\/index.php\/wp-json\/wp\/v2\/comments?post=4740"}],"version-history":[{"count":9,"href":"https:\/\/greenhouse.cl\/web\/index.php\/wp-json\/wp\/v2\/pages\/4740\/revisions"}],"predecessor-version":[{"id":4753,"href":"https:\/\/greenhouse.cl\/web\/index.php\/wp-json\/wp\/v2\/pages\/4740\/revisions\/4753"}],"wp:attachment":[{"href":"https:\/\/greenhouse.cl\/web\/index.php\/wp-json\/wp\/v2\/media?parent=4740"}],"curies":[{"name":"wp","href":"https:\/\/api.w.org\/{rel}","templated":true}]}}